{"id":4605,"date":"2023-03-04T21:28:15","date_gmt":"2023-03-04T20:28:15","guid":{"rendered":"https:\/\/dewolffvaulting.com\/?page_id=4605"},"modified":"2023-08-01T15:36:17","modified_gmt":"2023-08-01T13:36:17","slug":"bijscholing-instructeurs","status":"publish","type":"page","link":"https:\/\/dewolffvaulting.com\/en\/bijscholing-instructeurs\/","title":{"rendered":"Bijscholing Instructeurs"},"content":{"rendered":"<div data-elementor-type=\"wp-page\" data-elementor-id=\"4605\" class=\"elementor elementor-4605\" data-elementor-post-type=\"page\">\n\t\t\t\t\t\t<section class=\"elementor-section elementor-top-section elementor-element elementor-element-5d29fd47 elementor-section-height-min-height elementor-section-boxed elementor-section-height-default elementor-section-items-middle\" data-id=\"5d29fd47\" data-element_type=\"section\" data-settings=\"{&quot;background_background&quot;:&quot;classic&quot;}\">\n\t\t\t\t\t\t\t<div class=\"elementor-background-overlay\"><\/div>\n\t\t\t\t\t\t\t<div class=\"elementor-container elementor-column-gap-default\">\n\t\t\t\t\t<div class=\"elementor-column elementor-col-100 elementor-top-column elementor-element elementor-element-5d766481\" data-id=\"5d766481\" data-element_type=\"column\">\n\t\t\t<div class=\"elementor-widget-wrap elementor-element-populated\">\n\t\t\t\t\t\t<div class=\"elementor-element elementor-element-5d45aed3 elementor-widget elementor-widget-heading\" data-id=\"5d45aed3\" data-element_type=\"widget\" data-widget_type=\"heading.default\">\n\t\t\t\t<div class=\"elementor-widget-container\">\n\t\t\t<style>\/*! elementor - v3.22.0 - 16-06-2024 *\/\n.elementor-heading-title{padding:0;margin:0;line-height:1}.elementor-widget-heading .elementor-heading-title[class*=elementor-size-]>a{color:inherit;font-size:inherit;line-height:inherit}.elementor-widget-heading .elementor-heading-title.elementor-size-small{font-size:15px}.elementor-widget-heading .elementor-heading-title.elementor-size-medium{font-size:19px}.elementor-widget-heading .elementor-heading-title.elementor-size-large{font-size:29px}.elementor-widget-heading .elementor-heading-title.elementor-size-xl{font-size:39px}.elementor-widget-heading .elementor-heading-title.elementor-size-xxl{font-size:59px}<\/style><h2 class=\"elementor-heading-title elementor-size-default\">Bijscholing 7 &amp; 14 oktober '23<\/h2>\t\t<\/div>\n\t\t\t\t<\/div>\n\t\t\t\t\t<\/div>\n\t\t<\/div>\n\t\t\t\t\t<\/div>\n\t\t<\/section>\n\t\t\t\t<section class=\"elementor-section elementor-top-section elementor-element elementor-element-6517adc9 elementor-section-full_width elementor-section-height-default elementor-section-height-default\" data-id=\"6517adc9\" data-element_type=\"section\" data-settings=\"{&quot;background_background&quot;:&quot;classic&quot;}\">\n\t\t\t\t\t\t<div class=\"elementor-container elementor-column-gap-no\">\n\t\t\t\t\t<div class=\"elementor-column elementor-col-50 elementor-top-column elementor-element elementor-element-2e144f7e\" data-id=\"2e144f7e\" data-element_type=\"column\" data-settings=\"{&quot;background_background&quot;:&quot;classic&quot;}\">\n\t\t\t<div class=\"elementor-widget-wrap elementor-element-populated\">\n\t\t\t\t\t\t<div class=\"elementor-element elementor-element-3b1571b6 elementor-widget elementor-widget-image\" data-id=\"3b1571b6\" data-element_type=\"widget\" data-widget_type=\"image.default\">\n\t\t\t\t<div class=\"elementor-widget-container\">\n\t\t\t<style>\/*! elementor - v3.22.0 - 16-06-2024 *\/\n.elementor-widget-image{text-align:center}.elementor-widget-image a{display:inline-block}.elementor-widget-image a img[src$=\".svg\"]{width:48px}.elementor-widget-image img{vertical-align:middle;display:inline-block}<\/style>\t\t\t\t\t\t\t\t\t\t\t<a href=\"https:\/\/dewolffvaulting.com\/wp-content\/uploads\/2023\/03\/Bijscholing-2023-2.pdf\">\n\t\t\t\t\t\t\t<img fetchpriority=\"high\" decoding=\"async\" width=\"2048\" height=\"1367\" src=\"https:\/\/dewolffvaulting.com\/wp-content\/uploads\/2023\/08\/DSC4388.jpg\" class=\"elementor-animation-float attachment-full size-full wp-image-4852\" alt=\"\" srcset=\"https:\/\/dewolffvaulting.com\/wp-content\/uploads\/2023\/08\/DSC4388.jpg 2048w, https:\/\/dewolffvaulting.com\/wp-content\/uploads\/2023\/08\/DSC4388-300x200.jpg 300w, https:\/\/dewolffvaulting.com\/wp-content\/uploads\/2023\/08\/DSC4388-1024x684.jpg 1024w, https:\/\/dewolffvaulting.com\/wp-content\/uploads\/2023\/08\/DSC4388-768x513.jpg 768w, https:\/\/dewolffvaulting.com\/wp-content\/uploads\/2023\/08\/DSC4388-1536x1025.jpg 1536w, https:\/\/dewolffvaulting.com\/wp-content\/uploads\/2023\/08\/DSC4388-18x12.jpg 18w, https:\/\/dewolffvaulting.com\/wp-content\/uploads\/2023\/08\/DSC4388-600x400.jpg 600w\" sizes=\"(max-width: 2048px) 100vw, 2048px\" \/>\t\t\t\t\t\t\t\t<\/a>\n\t\t\t\t\t\t\t\t\t\t\t\t\t<\/div>\n\t\t\t\t<\/div>\n\t\t\t\t\t<\/div>\n\t\t<\/div>\n\t\t\t\t<div class=\"elementor-column elementor-col-50 elementor-top-column elementor-element elementor-element-6284ce90\" data-id=\"6284ce90\" data-element_type=\"column\">\n\t\t\t<div class=\"elementor-widget-wrap elementor-element-populated\">\n\t\t\t\t\t\t<div class=\"elementor-element elementor-element-625adf3e elementor-widget elementor-widget-heading\" data-id=\"625adf3e\" data-element_type=\"widget\" data-widget_type=\"heading.default\">\n\t\t\t\t<div class=\"elementor-widget-container\">\n\t\t\t<h3 class=\"elementor-heading-title elementor-size-default\">Bijscholing 7 &amp; 14 Okt 2023<\/h3>\t\t<\/div>\n\t\t\t\t<\/div>\n\t\t\t\t<div class=\"elementor-element elementor-element-9b66502 e-transform e-transform elementor-invisible elementor-widget elementor-widget-elementskit-button\" data-id=\"9b66502\" data-element_type=\"widget\" data-settings=\"{&quot;motion_fx_motion_fx_scrolling&quot;:&quot;yes&quot;,&quot;_animation&quot;:&quot;fadeIn&quot;,&quot;motion_fx_devices&quot;:[&quot;desktop&quot;,&quot;tablet&quot;,&quot;mobile&quot;],&quot;_transform_rotateZ_effect_hover&quot;:{&quot;unit&quot;:&quot;px&quot;,&quot;size&quot;:&quot;&quot;,&quot;sizes&quot;:[]},&quot;_transform_rotateZ_effect_hover_tablet&quot;:{&quot;unit&quot;:&quot;deg&quot;,&quot;size&quot;:&quot;&quot;,&quot;sizes&quot;:[]},&quot;_transform_rotateZ_effect_hover_mobile&quot;:{&quot;unit&quot;:&quot;deg&quot;,&quot;size&quot;:&quot;&quot;,&quot;sizes&quot;:[]},&quot;_transform_scale_effect_hover&quot;:{&quot;unit&quot;:&quot;px&quot;,&quot;size&quot;:&quot;&quot;,&quot;sizes&quot;:[]},&quot;_transform_scale_effect_hover_tablet&quot;:{&quot;unit&quot;:&quot;px&quot;,&quot;size&quot;:&quot;&quot;,&quot;sizes&quot;:[]},&quot;_transform_scale_effect_hover_mobile&quot;:{&quot;unit&quot;:&quot;px&quot;,&quot;size&quot;:&quot;&quot;,&quot;sizes&quot;:[]}}\" data-widget_type=\"elementskit-button.default\">\n\t\t\t\t<div class=\"elementor-widget-container\">\n\t\t\t<div class=\"ekit-wid-con\" >\t\t<div class=\"ekit-btn-wraper\">\n\t\t\t\t\t\t\t<a href=\"https:\/\/dewolff-vaulting.weticket.com\/bijscholing-instructeurs-21-27\" class=\"elementskit-btn  whitespace--normal\" id=\"\">\n\t\t\t\t\t<i aria-hidden=\"true\" class=\"icon icon-valentines-heart\"><\/i>Meld je nu aan\t\t\t\t<\/a>\n\t\t\t\t\t<\/div>\n        <\/div>\t\t<\/div>\n\t\t\t\t<\/div>\n\t\t\t\t<div class=\"elementor-element elementor-element-7a49d560 elementor-widget elementor-widget-text-editor\" data-id=\"7a49d560\" data-element_type=\"widget\" data-widget_type=\"text-editor.default\">\n\t\t\t\t<div class=\"elementor-widget-container\">\n\t\t\t<style>\/*! elementor - v3.22.0 - 16-06-2024 *\/\n.elementor-widget-text-editor.elementor-drop-cap-view-stacked .elementor-drop-cap{background-color:#69727d;color:#fff}.elementor-widget-text-editor.elementor-drop-cap-view-framed .elementor-drop-cap{color:#69727d;border:3px solid;background-color:transparent}.elementor-widget-text-editor:not(.elementor-drop-cap-view-default) .elementor-drop-cap{margin-top:8px}.elementor-widget-text-editor:not(.elementor-drop-cap-view-default) .elementor-drop-cap-letter{width:1em;height:1em}.elementor-widget-text-editor .elementor-drop-cap{float:left;text-align:center;line-height:1;font-size:50px}.elementor-widget-text-editor .elementor-drop-cap-letter{display:inline-block}<\/style>\t\t\t\t<p class=\"_04xlpA direction-ltr align-start para-style-body\"><span class=\"S1PPyQ\">Deze tweeluik bijscholing met het thema &#8216;basissport&#8217; is gericht op:<\/span><\/p><p>\u00a0<\/p><p><span class=\"x3nfvp2 x1j61x8r x1fcty0u xdj266r xhhsvwb xat24cr xgzva0m xxymvpz xlup9mm x1kky2od\"><img decoding=\"async\" src=\"https:\/\/static.xx.fbcdn.net\/images\/emoji.php\/v9\/tf3\/1\/16\/1f539.png\" alt=\"\ud83d\udd39\" width=\"16\" height=\"16\" \/><\/span>Basissport instructeurs<br \/><span class=\"x3nfvp2 x1j61x8r x1fcty0u xdj266r xhhsvwb xat24cr xgzva0m xxymvpz xlup9mm x1kky2od\"><img decoding=\"async\" src=\"https:\/\/static.xx.fbcdn.net\/images\/emoji.php\/v9\/tf3\/1\/16\/1f539.png\" alt=\"\ud83d\udd39\" width=\"16\" height=\"16\" \/><\/span>FNRS bedrijven die voltige aanbieden, of aan willen gaan bieden in de toekomst<br \/><span class=\"x3nfvp2 x1j61x8r x1fcty0u xdj266r xhhsvwb xat24cr xgzva0m xxymvpz xlup9mm x1kky2od\"><img decoding=\"async\" src=\"https:\/\/static.xx.fbcdn.net\/images\/emoji.php\/v9\/tf3\/1\/16\/1f539.png\" alt=\"\ud83d\udd39\" width=\"16\" height=\"16\" \/><\/span>Ouders die graag willen helpen tijdens de lessen en meer kennis willen<\/p><p>\u00a0<\/p><p class=\"_04xlpA direction-ltr align-start para-style-body\"><span class=\"S1PPyQ\">De bijscholing wordt gegeven door Nienke de Wolff &amp; Heleen Brans van DeWolff Vaulting in Wapse. Beide ervaren trainers \/ coaches in de voltigesport, naast dat ze ook nog actief zijn in de topsport.<\/span><\/p><p class=\"_04xlpA direction-ltr align-start para-style-body\"><strong><span class=\"S1PPyQ\">De onderwerpen zijn:<\/span><\/strong><\/p><ul><li>\ud835\udde9\ud835\udde2\ud835\udddf\ud835\udde7\ud835\udddc\ud835\uddda\ud835\uddd8\ud835\udde7\ud835\uddd8\ud835\uddd6\ud835\udddb\ud835\udde1\ud835\udddc\ud835\uddd8\ud835\uddde<br \/><em>Hoe leer je de juiste techniek aan vanaf het begin, ook voor de allerkleinsten en beginnende voltigeurs!<\/em><\/li><li>\ud835\uddd5\ud835\uddd4\ud835\udde6\ud835\udddc\ud835\udde6\ud835\udddf\ud835\udde2\ud835\udde1\ud835\uddda\ud835\uddd8\ud835\udde5\ud835\uddd8\ud835\udde1<br \/><em>Longeren tijdens een voltigeles of wedstrijd is best anders dan &#8216;gewoon&#8217; longeren. Waar moet je nu om denken, wat zijn de juiste hulpen en hoe zorg je voor n\u00f3g een hoger cijfer voor het longeren en\/of je paard?<\/em><\/li><li>\ud835\udddf\ud835\uddd8\ud835\udde6\ud835\udde2\ud835\udde3\ud835\uddd5\ud835\udde2\ud835\udde8\ud835\uddea<br \/><em>Een les goed opbouwen met veel voltigeurs, \u00e9\u00e9n paard en \u00e9\u00e9n trainer, d\u00e1t is nog wel eens een uitdaging! Hoe bouw je een effici\u00ebnte les, hoe kan je het n\u00f3g leuker maken en hoe zorg je ervoor dat ze allemaal bezig zijn?<\/em><\/li><li><span style=\"font-family: inherit;\">\ud835\uddd7\ud835\udddc\ud835\uddd7\ud835\uddd4\ud835\uddd6\ud835\udde7\ud835\udddc\ud835\uddd8\ud835\uddde \ud835\uddd8\ud835\udde1 \ud835\udddc\ud835\udde1\ud835\udde6\ud835\udde7\ud835\udde5\ud835\udde8\ud835\uddd6\ud835\udde7\ud835\udddc\ud835\uddd8\ud835\udde3\ud835\udde6\ud835\uddec\ud835\uddd6\ud835\udddb\ud835\udde2\ud835\udddf\ud835\udde2\ud835\uddda\ud835\udddc\ud835\uddd8<br \/><\/span><em>Kinderen van verschillende leeftijden, leren op een andere manier. Hoe kan je daar nou op inspelen? Hoe ga je om met zoveel verschillende type kinderen in \u00e9\u00e9n groep<\/em>?<\/li><\/ul><p>\u00a0<\/p><p>\ud835\udddf\ud835\uddf6\ud835\uddf0\ud835\uddf2\ud835\uddfb\ud835\ude01\ud835\uddf6\ud835\uddf2\ud835\uddfd\ud835\ude02\ud835\uddfb\ud835\ude01\ud835\uddf2\ud835\uddfb \ud835\ude04\ud835\uddfc\ud835\uddff\ud835\uddf1\ud835\uddf2\ud835\uddfb \ud835\ude01\ud835\uddfc\ud835\uddf2\ud835\uddf4\ud835\uddf2\ud835\uddf8\ud835\uddf2\ud835\uddfb\ud835\uddf1 \ud835\uddf1\ud835\uddfc\ud835\uddfc\ud835\uddff \ud835\uddf1\ud835\uddf2 \ud835\uddde\ud835\udde1\ud835\udddb\ud835\udde6 voor instructeurs! Dat is weer mooi meegenomen!<\/p><p>Meer weten? <span style=\"color: var( --e-global-color-text ); font-family: var( --e-global-typography-text-font-family ), Sans-serif; font-size: var( --e-global-typography-text-font-size ); font-weight: var( --e-global-typography-text-font-weight ); letter-spacing: var( --e-global-typography-text-letter-spacing ); background-color: var( --e-global-color-c8bf4a4 );\">info@dewolffvaulting.com<\/span><\/p>\t\t\t\t\t\t<\/div>\n\t\t\t\t<\/div>\n\t\t\t\t<div class=\"elementor-element elementor-element-64dc76ed e-transform e-transform elementor-invisible elementor-widget elementor-widget-elementskit-button\" data-id=\"64dc76ed\" data-element_type=\"widget\" data-settings=\"{&quot;motion_fx_motion_fx_scrolling&quot;:&quot;yes&quot;,&quot;_animation&quot;:&quot;fadeIn&quot;,&quot;motion_fx_devices&quot;:[&quot;desktop&quot;,&quot;tablet&quot;,&quot;mobile&quot;],&quot;_transform_rotateZ_effect_hover&quot;:{&quot;unit&quot;:&quot;px&quot;,&quot;size&quot;:&quot;&quot;,&quot;sizes&quot;:[]},&quot;_transform_rotateZ_effect_hover_tablet&quot;:{&quot;unit&quot;:&quot;deg&quot;,&quot;size&quot;:&quot;&quot;,&quot;sizes&quot;:[]},&quot;_transform_rotateZ_effect_hover_mobile&quot;:{&quot;unit&quot;:&quot;deg&quot;,&quot;size&quot;:&quot;&quot;,&quot;sizes&quot;:[]},&quot;_transform_scale_effect_hover&quot;:{&quot;unit&quot;:&quot;px&quot;,&quot;size&quot;:&quot;&quot;,&quot;sizes&quot;:[]},&quot;_transform_scale_effect_hover_tablet&quot;:{&quot;unit&quot;:&quot;px&quot;,&quot;size&quot;:&quot;&quot;,&quot;sizes&quot;:[]},&quot;_transform_scale_effect_hover_mobile&quot;:{&quot;unit&quot;:&quot;px&quot;,&quot;size&quot;:&quot;&quot;,&quot;sizes&quot;:[]}}\" data-widget_type=\"elementskit-button.default\">\n\t\t\t\t<div class=\"elementor-widget-container\">\n\t\t\t<div class=\"ekit-wid-con\" >\t\t<div class=\"ekit-btn-wraper\">\n\t\t\t\t\t\t\t<a href=\"https:\/\/dewolff-vaulting.weticket.com\/bijscholing-instructeurs-21-27\" class=\"elementskit-btn  whitespace--normal\" id=\"\">\n\t\t\t\t\t<i aria-hidden=\"true\" class=\"icon icon-valentines-heart\"><\/i>Meld je nu aan\t\t\t\t<\/a>\n\t\t\t\t\t<\/div>\n        <\/div>\t\t<\/div>\n\t\t\t\t<\/div>\n\t\t\t\t<div class=\"elementor-element elementor-element-40befbbb elementor-tablet-align-center elementor-align-center elementor-widget elementor-widget-button\" data-id=\"40befbbb\" data-element_type=\"widget\" data-widget_type=\"button.default\">\n\t\t\t\t<div class=\"elementor-widget-container\">\n\t\t\t\t\t<div class=\"elementor-button-wrapper\">\n\t\t\t<a class=\"elementor-button elementor-button-link elementor-size-sm elementor-animation-float\" href=\"https:\/\/dewolffvaulting.com\/en\/dwvhome\/\">\n\t\t\t\t\t\t<span class=\"elementor-button-content-wrapper\">\n\t\t\t\t\t\t\t\t\t<span class=\"elementor-button-text\">Terug naar homepage<\/span>\n\t\t\t\t\t<\/span>\n\t\t\t\t\t<\/a>\n\t\t<\/div>\n\t\t\t\t<\/div>\n\t\t\t\t<\/div>\n\t\t\t\t\t<\/div>\n\t\t<\/div>\n\t\t\t\t\t<\/div>\n\t\t<\/section>\n\t\t\t\t<\/div>","protected":false},"excerpt":{"rendered":"<p>Bijscholing 7 &amp; 14 oktober &#8217;23 Bijscholing 7 &amp; 14 Okt 2023 Meld je nu aan Deze tweeluik bijscholing met het thema &#8216;basissport&#8217; is gericht op: Basissport instructeurs FNRS bedrijven die voltige aanbieden, of aan willen gaan bieden in de toekomst Ouders die graag willen helpen tijdens de lessen en meer kennis willen De bijscholing [&hellip;]<\/p>","protected":false},"author":1,"featured_media":4852,"parent":0,"menu_order":0,"comment_status":"closed","ping_status":"closed","template":"elementor_theme","meta":{"footnotes":""},"class_list":["post-4605","page","type-page","status-publish","has-post-thumbnail","hentry"],"_links":{"self":[{"href":"https:\/\/dewolffvaulting.com\/en\/wp-json\/wp\/v2\/pages\/4605","targetHints":{"allow":["GET"]}}],"collection":[{"href":"https:\/\/dewolffvaulting.com\/en\/wp-json\/wp\/v2\/pages"}],"about":[{"href":"https:\/\/dewolffvaulting.com\/en\/wp-json\/wp\/v2\/types\/page"}],"author":[{"embeddable":true,"href":"https:\/\/dewolffvaulting.com\/en\/wp-json\/wp\/v2\/users\/1"}],"replies":[{"embeddable":true,"href":"https:\/\/dewolffvaulting.com\/en\/wp-json\/wp\/v2\/comments?post=4605"}],"version-history":[{"count":0,"href":"https:\/\/dewolffvaulting.com\/en\/wp-json\/wp\/v2\/pages\/4605\/revisions"}],"wp:featuredmedia":[{"embeddable":true,"href":"https:\/\/dewolffvaulting.com\/en\/wp-json\/wp\/v2\/media\/4852"}],"wp:attachment":[{"href":"https:\/\/dewolffvaulting.com\/en\/wp-json\/wp\/v2\/media?parent=4605"}],"curies":[{"name":"wp","href":"https:\/\/api.w.org\/{rel}","templated":true}]}}